{"id":19,"date":"2012-08-07T04:52:41","date_gmt":"2012-08-07T08:52:41","guid":{"rendered":"https:\/\/velcip.com\/?page_id=19"},"modified":"2016-06-22T18:39:39","modified_gmt":"2016-06-22T22:39:39","slug":"family-related-matters","status":"publish","type":"page","link":"https:\/\/velcip.com\/es\/family-related-matters","title":{"rendered":"ASUNTOS RELACIONADOS A LA FAMILIA"},"content":{"rendered":"<p><\/p>\n<h3><strong>ASUNTOS RELACIONADOS A LA FAMILIA<\/strong><\/h3>\n<p>Uno de los numerosos beneficios de ser ciudadano estadounidense es la posibilidad de reclamar a sus familiares de nacionalidades extranjeras para que vengan vivir a los Estados Unidos. El tiempo necesario entre la reclamaci\u00f3n y la llegada del familiar, depende de lo cercano que sea el parentesco y tambi\u00e9n depende de si la persona que reclama sea ciudadano de EE.UU. o Residente Legal Permanente (portador de la Tarjeta verde).<\/p>\n<div id=\"our\">\n<p>Nuestro bufete asesora y prepara peticiones para las siguientes categor\u00edas de visas para familias:<\/p>\n<\/div>\n<h4><strong>FAMILIARES DIRECTOS DE CIUDADANOS DE EE.UU.<\/strong><\/h4>\n<ul>\n<li>R-1: Esposa o esposo de un ciudadano de EE.UU.<\/li>\n<li>IR-2: Hijo menor de 21 a\u00f1os, que no est\u00e9 casado, de un ciudadano de EE.UU.<\/li>\n<li>IR-3: Hu\u00e9rfano que haya sido adoptado en el extranjero por un ciudadano de EE.UU.<\/li>\n<li>IR-4: Hu\u00e9rfano que ser\u00e1 adoptado en los EE.UU. por un ciudadano de EE.UU.<\/li>\n<li>IR-5: Madre o padre de un ciudadano de los EE.UU que tenga 21 a\u00f1os de edad o m\u00e1s<\/li>\n<\/ul>\n<p><\/p>\n<h4><strong>PETICIONES LIMITADAS DE FAMILIA<\/strong><\/h4>\n<p><strong>Familia de primera preferencia (F1):<\/strong>Hijas e hijos, que no est\u00e9n casados, de ciudadanos de EE.UU. y sus hijos menores de edad si hubiese alguno. (23,400)<\/p>\n<p><strong>Familia de segunda preferencia (F2):<\/strong>C\u00f3nyuges, hijos menores, e hijos e hijas (mayores de 21 a\u00f1os) de residentes legales permanentes (LPRs por sus siglas en ingl\u00e9s). Al menos el setenta y siete por ciento de todas las visas disponibles para esta categor\u00eda ser\u00e1n otorgadas a los c\u00f3nyuges e hijos; el resto se les asigna a las hijas e hijos solteros. (114,200)<\/p>\n<p><strong>Familia de tercera preferencia (F3):<\/strong>Las hijas e hijos casados de ciudadanos de EE.UU., y sus c\u00f3nyuges e hijos menores de edad. (23,400)<\/p>\n<p><strong>Familia de tercera preferencia (F4):<\/strong>Hermanas y hermanos de ciudadanos de EE.UU., y sus c\u00f3nyuges e hijos menores de edad, solo si el familiar ciudadano de los EE.UU. tiene 21 a\u00f1os de edad o m\u00e1s. (65,000)<\/p>\n<p><strong>Visa K<\/strong>(Prometida o prometido de un ciudadano estadounidense)<\/p>\n<div id=\"contactus\">\n<h3><strong>COMUNIQUESE CON NOSOTROS<\/strong><\/h3>\n<p>Comun\u00edquese con Velez &amp; Cipriano, PLLC para una consulta y determinar las formas m\u00e1s efectivas y eficientes de traer a sus seres queridos a los Estados Unidos.<\/p>\n<\/div>\n<p><\/p>","protected":false},"excerpt":{"rendered":"<p>ASUNTOS RELACIONADOS A LA FAMILIA Uno de los numerosos beneficios de ser ciudadano estadounidense es la posibilidad de reclamar a sus familiares de nacionalidades extranjeras para que vengan vivir a los Estados Unidos. El tiempo necesario entre la reclamaci\u00f3n y la llegada del familiar, depende de lo cercano que sea el parentesco y tambi\u00e9n depende<\/p>\n","protected":false},"author":1,"featured_media":0,"parent":0,"menu_order":0,"comment_status":"open","ping_status":"closed","template":"page-about.php","meta":[],"_links":{"self":[{"href":"https:\/\/velcip.com\/es\/wp-json\/wp\/v2\/pages\/19"}],"collection":[{"href":"https:\/\/velcip.com\/es\/wp-json\/wp\/v2\/pages"}],"about":[{"href":"https:\/\/velcip.com\/es\/wp-json\/wp\/v2\/types\/page"}],"author":[{"embeddable":true,"href":"https:\/\/velcip.com\/es\/wp-json\/wp\/v2\/users\/1"}],"replies":[{"embeddable":true,"href":"https:\/\/velcip.com\/es\/wp-json\/wp\/v2\/comments?post=19"}],"version-history":[{"count":27,"href":"https:\/\/velcip.com\/es\/wp-json\/wp\/v2\/pages\/19\/revisions"}],"predecessor-version":[{"id":489,"href":"https:\/\/velcip.com\/es\/wp-json\/wp\/v2\/pages\/19\/revisions\/489"}],"wp:attachment":[{"href":"https:\/\/velcip.com\/es\/wp-json\/wp\/v2\/media?parent=19"}],"curies":[{"name":"wp","href":"https:\/\/api.w.org\/{rel}","templated":true}]}}