{"id":276,"date":"2013-06-12T00:36:43","date_gmt":"2013-06-12T00:36:43","guid":{"rendered":"http:\/\/reversal.themes.pixelentity.com\/?page_id=5"},"modified":"2016-06-27T06:56:54","modified_gmt":"2016-06-27T10:56:54","slug":"home","status":"publish","type":"page","link":"https:\/\/velcip.com\/es\/","title":{"rendered":"VELEZ &#038; CIPRIANO, PLLC"},"content":{"rendered":"<p><\/p>\n<div style=\"width:100%; background-image:url('https:\/\/velcip.com\/wp-content\/uploads\/2016\/04\/skyline-buildings-new-york-skyscrapers-large.jpg');  background-size: 100% 580px;\n    background-repeat: no-repeat;\"><\/p>\n<div class=\"mobile_fix_home\" style=\"background-color:rgba(17, 17, 17, 0.8); padding:0 30px; margin-top:40px; padding-bottom:30px; color:white;\">\n<p class=\"style1\">Bienvenido al sitio en la red de Velez &amp; Cipriano, PLLC (sociedad profesional de responsabilidad limitada, PLLC por sus siglas en ingl\u00e9s)<\/p>\n<p class=\"style1\">Nuestro bufete de abogados ofrece servicios completos en las \u00e1reas de inmigraci\u00f3n, derecho empresarial y derecho de seguros.<\/p>\n<p class=\"style1\">Ubicado en el Centro de Manhattan, nuestro bufete representa a individuos, compa\u00f1\u00edas nacionales y extranjeras y a inversionistas en los estados de Nueva York y Nueva Jersey. Tambi\u00e9n manejamos asuntos de inmigraci\u00f3n a nivel nacional.<\/p>\n<p class=\"style1\">S\u00edrvase comunicarse con nuestro bufete hoy mismo para platicar con uno de nuestros abogados sobre los tr\u00e1mites necesarios para su representaci\u00f3n legal. Nos complace en proveerles a nuestros clientes asesor\u00eda legal y representaci\u00f3n profesional.<\/p>\n<\/div>\n<\/div>\n<p><\/p>","protected":false},"excerpt":{"rendered":"<p>Bienvenido al sitio en la red de Velez &amp; Cipriano, PLLC (sociedad profesional de responsabilidad limitada, PLLC por sus siglas en ingl\u00e9s) Nuestro bufete de abogados ofrece servicios completos en las \u00e1reas de inmigraci\u00f3n, derecho empresarial y derecho de seguros. Ubicado en el Centro de Manhattan, nuestro bufete representa a individuos, compa\u00f1\u00edas nacionales y extranjeras<\/p>\n","protected":false},"author":1,"featured_media":415,"parent":0,"menu_order":0,"comment_status":"open","ping_status":"open","template":"page-about.php","meta":[],"_links":{"self":[{"href":"https:\/\/velcip.com\/es\/wp-json\/wp\/v2\/pages\/276"}],"collection":[{"href":"https:\/\/velcip.com\/es\/wp-json\/wp\/v2\/pages"}],"about":[{"href":"https:\/\/velcip.com\/es\/wp-json\/wp\/v2\/types\/page"}],"author":[{"embeddable":true,"href":"https:\/\/velcip.com\/es\/wp-json\/wp\/v2\/users\/1"}],"replies":[{"embeddable":true,"href":"https:\/\/velcip.com\/es\/wp-json\/wp\/v2\/comments?post=276"}],"version-history":[{"count":42,"href":"https:\/\/velcip.com\/es\/wp-json\/wp\/v2\/pages\/276\/revisions"}],"predecessor-version":[{"id":531,"href":"https:\/\/velcip.com\/es\/wp-json\/wp\/v2\/pages\/276\/revisions\/531"}],"wp:featuredmedia":[{"embeddable":true,"href":"https:\/\/velcip.com\/es\/wp-json\/wp\/v2\/media\/415"}],"wp:attachment":[{"href":"https:\/\/velcip.com\/es\/wp-json\/wp\/v2\/media?parent=276"}],"curies":[{"name":"wp","href":"https:\/\/api.w.org\/{rel}","templated":true}]}}