{"id":29,"date":"2012-08-07T07:45:04","date_gmt":"2012-08-07T11:45:04","guid":{"rendered":"https:\/\/velcip.com\/?page_id=29"},"modified":"2016-04-25T19:57:54","modified_gmt":"2016-04-25T23:57:54","slug":"for-investors","status":"publish","type":"page","link":"https:\/\/velcip.com\/es\/for-investors","title":{"rendered":"PARA INVERSIONISTAS"},"content":{"rendered":"<p><\/p>\n<div id=\"right\">\n<h3><strong>PARA INVERSIONISTAS<\/strong><\/h3>\n<p>La inversi\u00f3n extranjera en la econom\u00eda estadounidense es una forma \u00fanica y relativamente r\u00e1pida para que las personas calificadas que soliciten obtengan visas o Residencia Legal Permanente. Los empresarios extranjeros pueden lanzar sus propios negocios o invertir en entidades existentes con el doble beneficio de tener un estatus legal y obtener ganancias sobre la inversi\u00f3n.<\/p>\n<div id=\"our\">\n<p>Nuestro bufete le provee orientaci\u00f3n y la elaboraci\u00f3n de solicitudes de visa para las siguientes categor\u00edas basadas en la inversi\u00f3n:<\/p>\n<\/div>\n<h4><strong>NO-INMIGRANTE<\/strong><\/h4>\n<p><strong>Visa E-2 para inversionistas de tratado<\/strong><\/p>\n<p>Esta visa aplica a los ciudadanos extranjeros de aquellos pa\u00edses que han mantenido Tratados de Comercio y Navegaci\u00f3n con los Estados Unidos.<\/p>\n<h4><strong>INMIGRANTE<\/strong><\/h4>\n<p><strong>La Quinta Preferencia Basada en Empleo (la Visa EB-5 por sus siglas en ingl\u00e9s)<\/strong><\/p>\n<p>Esta visa le permite a los ciudadanos extranjeros, que califiquen, la oportunidad de obtener el estatus de Residente Legal Permanente una vez que inviertan una cantidad considerable, ya sea en un negocio nuevo, un negocio establecido o en un Centro Regional.<\/p>\n<h4><strong>NEGOCIANTES DE LOS EE.UU. (DESIGNACION DEL CENTRO REGIONAL DEL SERVICIO DE CIUDADANIA E INMIGRACI\u00d3N DE LOS ESTADOS UNIDOS)<\/strong><\/h4>\n<p>Esta designaci\u00f3n especial que otorga el Servicio de Ciudadan\u00eda e Inmigraci\u00f3n de los Estados Unidos (USCIS por sus siglas en ingl\u00e9s) le permite a los negocios de EE.UU. recibir directamente inversiones por parte de ciudadanos extranjeros los cuales est\u00e1n interesados en obtener la Residencia Legal Permanente (Tarjeta verde).<\/p>\n<div id=\"contactus\">\n<h3><strong>COMUNIQUESE CON NOSOTROS<\/strong><\/h3>\n<p>Comun\u00edquese con el bufete de Velez &amp; Cipriano, PLLC para una consulta para evaluar la debida estrategia para su inversi\u00f3n. Tenemos experiencia en esta \u00e1rea din\u00e1mica del derecho y colaboramos con un equipo de economistas y analistas para asegurar que se cumplan sus metas financieras y requisitos de inmigraci\u00f3n.<\/p>\n<\/div>\n<\/div>\n<p><\/p>","protected":false},"excerpt":{"rendered":"<p>PARA INVERSIONISTAS La inversi\u00f3n extranjera en la econom\u00eda estadounidense es una forma \u00fanica y relativamente r\u00e1pida para que las personas calificadas que soliciten obtengan visas o Residencia Legal Permanente. Los empresarios extranjeros pueden lanzar sus propios negocios o invertir en entidades existentes con el doble beneficio de tener un estatus legal y obtener ganancias sobre<\/p>\n","protected":false},"author":1,"featured_media":94,"parent":0,"menu_order":0,"comment_status":"open","ping_status":"closed","template":"page-about.php","meta":[],"_links":{"self":[{"href":"https:\/\/velcip.com\/es\/wp-json\/wp\/v2\/pages\/29"}],"collection":[{"href":"https:\/\/velcip.com\/es\/wp-json\/wp\/v2\/pages"}],"about":[{"href":"https:\/\/velcip.com\/es\/wp-json\/wp\/v2\/types\/page"}],"author":[{"embeddable":true,"href":"https:\/\/velcip.com\/es\/wp-json\/wp\/v2\/users\/1"}],"replies":[{"embeddable":true,"href":"https:\/\/velcip.com\/es\/wp-json\/wp\/v2\/comments?post=29"}],"version-history":[{"count":14,"href":"https:\/\/velcip.com\/es\/wp-json\/wp\/v2\/pages\/29\/revisions"}],"predecessor-version":[{"id":428,"href":"https:\/\/velcip.com\/es\/wp-json\/wp\/v2\/pages\/29\/revisions\/428"}],"wp:featuredmedia":[{"embeddable":true,"href":"https:\/\/velcip.com\/es\/wp-json\/wp\/v2\/media\/94"}],"wp:attachment":[{"href":"https:\/\/velcip.com\/es\/wp-json\/wp\/v2\/media?parent=29"}],"curies":[{"name":"wp","href":"https:\/\/api.w.org\/{rel}","templated":true}]}}