{"id":364,"date":"2016-03-09T19:19:55","date_gmt":"2016-03-10T00:19:55","guid":{"rendered":"https:\/\/velcip.com\/?page_id=364"},"modified":"2016-06-28T19:31:13","modified_gmt":"2016-06-28T23:31:13","slug":"justin-m-jacobson","status":"publish","type":"page","link":"https:\/\/velcip.com\/es\/justin-m-jacobson","title":{"rendered":"Justin M. Jacobson"},"content":{"rendered":"<p>Justin M. Jacobson es abogado de diversiones y medios de comunicaci\u00f3n de la ciudad de Nueva York. En 2011, fue galardonado con el t\u00edtulo de abogado del Touro Law Center de Nueva York. Fue miembro del Touro Law Review, trabaj\u00f3 dos veces como presidente de la sociedad de derecho del arte, diversi\u00f3n y deportes Touro, y particip\u00f3 activamente en la sociedad de derecho de propiedad intelectual Touro. Admitido en el colegio estatal de Nueva York en marzo de 2012, tambi\u00e9n es miembro del colegio de la Corte Federal de los Estados Unidos en los Distritos del Sur y Este de Nueva York. Ha sido miembro del American Bar Association desde 2012.<\/p>\n<p>Obtuvo una licenciatura en sociolog\u00eda en la Universidad George Washington en Washington DC en 2008. Era un miembro activo de la fraternidad Sigma Alpha Epsilon, donde se desempe\u00f1\u00f3 como Presidente social y formal, as\u00ed como director destacado.<\/p>\n<p>Es socio del bufete Jacobson Firm, P. C. y ha ayudado a traer a numerosos clientes de alto perfil, incluyendo DJ \/ productor, Joshua \u00abZeke\u00bb Thomas (Tommy Boy Records) y su sello Gorilla Records; la artista de grabaci\u00f3n G-Unit Records y la estrella de \u201cLove And Hip Hop: New York\u201d, Precious Paris; antiguo NY Jet, Donald Strickland y su marca Visionary Moments; concurso de arte internacional en vivo, ArtBattles; la gira Athletes For Art Renaissance; el productor Warner-Chappell, J-Dens (Kat Dahlia\/ Epic Records \u201cGangsta\u201d &#038; \u201cMy Garden\u201d); la dise\u00f1adora de joyas de las celebridades, Laurel DeWitt; el nominado al Grammy latino y galardonado productor de MBI Latin, Carlos Escalona (Paulina Rubio, Chino Y Nacho); el dise\u00f1ador de moda de las celebridades, Christian Benner (LAVA Management, Bravado\/Universal); el productor, Vulkan The Krusader (A$AP Rocky\/RCA Records); productores de EDM, Modern Machines (Showland Records, Atlantic Records); el cantante, compositor y productor de MusicAllStars, Matthew Steeper (Ultra Records, Armada Music, Enhanced Music, Vicious Recordings); el famoso artista e ilustrador, Misha T (Vibe Magazine); el artista callejero de la costa oeste, Chor Boogie y la revista Modern Hieroglyphics; el dise\u00f1ador de joyas, Heidi Gardner; Producer\/DJ, George Garcia y All Axcess Tour; y, Producer\/DJ, Exodus (Ultra Music, Armada Music, Vicious Recordings). Justin es tambi\u00e9n asesor general de la estaci\u00f3n de radio por Internet con sede en Brooklyn, PNC Radio. Tambi\u00e9n ha dado conferencias en la Escuela de Derecho Cardozo (Yeshiva University) en el marco de \u00abM\u00e1s all\u00e1 de la cartelera: el derecho de la publicidad en la industria de la moda\u00bb, presentado por sus comit\u00e9s de derecho de la moda.<\/p>\n<p>Contin\u00faa trabajando como miembro del consejo de administraci\u00f3n y organizando eventos ben\u00e9ficos para la fundaci\u00f3n de Big Gary Brown 68, una organizaci\u00f3n ben\u00e9fica fundada por el campe\u00f3n de la Super Bowl XXXI y ex Green Bay Packer, Gary Brown. Tambi\u00e9n se encarga del trabajo de marcas nacionales e internacionales para el lanzador de los Azulejos de Toronto, Marcus Stroman y su marca  \u201cHeight Doesn\u2019t Measure Heart\u201d. Tambi\u00e9n ha trabajado con Rashad Jennings de los Gigantes de Nueva York y su Fundaci\u00f3n Rashad Jennings.<\/p>\n<p>Adem\u00e1s, Justin empez\u00f3 a desarrollarse como empresario creativo con la formaci\u00f3n de Label 55, Ltd., una agencia de marketing y consultor\u00eda para las marcas y m\u00fasicos. Al mismo tiempo, Justin hab\u00eda encontrado tiempo para trabajar como instructor del negocio de la m\u00fasica en el Instituto de Investigaci\u00f3n de audio en la ciudad de Nueva York.<\/p>\n<p>Ha escrito varios art\u00edculos sobre la industria que se han publicado en el recurso del negocio de la m\u00fasica, Hypebot, incluyendo \u00ab\u00bfPor qu\u00e9 todav\u00eda deber\u00eda registrar el \u00abderechos de autor\u00bb de su obra?\u00bb, \u00ab\u00bfC\u00f3mo ganan dinero los m\u00fasicos al publicar?\u00bb, \u00abSoundExchange explicado: por qu\u00e9 todos los m\u00fasicos deber\u00edan registrarse\u00bb, \u00ab\u00bfPor qu\u00e9 necesita un acuerdo de miembros de la banda?\u00bb y \u00ab\u00bfPor qu\u00e9 una partitura comprartida no es suficiente\u00bb (tambi\u00e9n vuelto a publicar en el Concurso de Composici\u00f3n de EE. UU.).<\/p>\n<p>Antes de unirse al bufete Jacobson Firm, PC, Justin fue el primer becario de la universidad en la Oficina de Derechos de Autor de Estados Unidos en Washington, DC, donde simplific\u00f3 la secci\u00f3n de preguntas m\u00e1s frecuentes de www.copyright.gov y dise\u00f1\u00f3 el Tutorial oficial paso a paso en PowerPoint para la nueva sede electr\u00f3nico de la Oficina de Derechos de Autor (eCO). Tambi\u00e9n trabaj\u00f3 en MTV en el departamento de m\u00fasica digital y desarrollo de sitios web, trabajando en gran medida en la distribuci\u00f3n de videos de m\u00fasica digital.<\/p>\n<p>Tambi\u00e9n aprendi\u00f3 las reglas del marketing y las promociones en la firma de reggae RAS Records (que posteriormente pas\u00f3 a ser subsidiaria de Sanctuary Records). Su trabajo posterior con el departamento de regal\u00edas de las cintas digitales (DART) de la Alianza de artistas y discogr\u00e1ficas lo llev\u00f3 a escribir su primer art\u00edculo, \u00ab\u00bfQu\u00e9 es la AARC?\u00bb El art\u00edculo fue publicado en la Revista de la Sociedad de Derecho de Autor de los EE. UU. y explica el papel de la empresa en la recaudaci\u00f3n de regal\u00edas de las cintas digitales bajo la Ley de grabaci\u00f3n de audio. A partir de ah\u00ed, pas\u00f3 a ser becario en el departamento de marketing y promociones de las revistas Trump World y Poker Life. Tambi\u00e9n ayud\u00f3 a cofundar DC Partyline, una firma de promociones sin fines de lucro y comercializaci\u00f3n con sede en Washington DC. La compa\u00f1\u00eda pronto se ampli\u00f3 a los servicios de promoci\u00f3n y producci\u00f3n de eventos en las ciudades de Nueva York y Londres.<\/p>\n<p>Justin tambi\u00e9n public\u00f3 su art\u00edculo \u00abDV-R remoto de Cablevisi\u00f3n: una soluci\u00f3n para la grabaci\u00f3n en la era digital\u00bb en la revista de derecho del Centro de Derecho de Touro. Durante su carrera de la escuela de derecho, Justin cumpli\u00f3 un internado en el Departamento de Asuntos Legales y empresariales de la empresa Tommy Boy Entertainment, as\u00ed como en los departamentos legales y de afiliaci\u00f3n de una organizaci\u00f3n de derechos de ejecuci\u00f3n, ASCAP.<br \/>\n<\/p>","protected":false},"excerpt":{"rendered":"<p>Justin M. Jacobson es abogado de diversiones y medios de comunicaci\u00f3n de la ciudad de Nueva York. En 2011, fue galardonado con el t\u00edtulo de abogado del Touro Law Center de Nueva York. Fue miembro del Touro Law Review, trabaj\u00f3 dos veces como presidente de la sociedad de derecho del arte, diversi\u00f3n y deportes Touro,<\/p>\n","protected":false},"author":1,"featured_media":0,"parent":0,"menu_order":0,"comment_status":"closed","ping_status":"closed","template":"page-about.php","meta":[],"_links":{"self":[{"href":"https:\/\/velcip.com\/es\/wp-json\/wp\/v2\/pages\/364"}],"collection":[{"href":"https:\/\/velcip.com\/es\/wp-json\/wp\/v2\/pages"}],"about":[{"href":"https:\/\/velcip.com\/es\/wp-json\/wp\/v2\/types\/page"}],"author":[{"embeddable":true,"href":"https:\/\/velcip.com\/es\/wp-json\/wp\/v2\/users\/1"}],"replies":[{"embeddable":true,"href":"https:\/\/velcip.com\/es\/wp-json\/wp\/v2\/comments?post=364"}],"version-history":[{"count":8,"href":"https:\/\/velcip.com\/es\/wp-json\/wp\/v2\/pages\/364\/revisions"}],"predecessor-version":[{"id":502,"href":"https:\/\/velcip.com\/es\/wp-json\/wp\/v2\/pages\/364\/revisions\/502"}],"wp:attachment":[{"href":"https:\/\/velcip.com\/es\/wp-json\/wp\/v2\/media?parent=364"}],"curies":[{"name":"wp","href":"https:\/\/api.w.org\/{rel}","templated":true}]}}