{"id":366,"date":"2016-03-09T19:20:33","date_gmt":"2016-03-10T00:20:33","guid":{"rendered":"https:\/\/velcip.com\/?page_id=366"},"modified":"2016-06-28T19:31:28","modified_gmt":"2016-06-28T23:31:28","slug":"jeffery-e-jacobson","status":"publish","type":"page","link":"https:\/\/velcip.com\/es\/jeffery-e-jacobson","title":{"rendered":"Jeffrey E. Jacobson"},"content":{"rendered":"<p>JEFFREY E. JACOBSON naci\u00f3 en el Bronx y obtuvo su licenciatura en Filosof\u00eda de Fordham University con solo 19 a\u00f1os de edad. Trabaj\u00f3 en la universidad como Gerente de los teatros Criterion y Embassy en Broadway. Mientras asist\u00eda New Cork Law School, gan\u00f3 el Concurso Memorial Nathan Burkan de ASCAP con un art\u00edculo sobre el derecho de autor y el uso leg\u00edtimo que fue publicado en la edici\u00f3n de oto\u00f1o de 1980 de \u00abComunicaciones y ley\u00bb y publicado por fasc\u00edculos en las publicaciones de New Cork Law School y Pace University School of Law. Se gradu\u00f3 de New York Law School en 1980 a los 23 a\u00f1os. Jeffrey Jacobson es miembro del Colegio del Estado de Nueva York y el Distrito de Columbia y est\u00e1 habilitado para ejercer ante el Tribunal Supremo de los Estados Unidos, la Corte de Apelaciones de Estados Unidos, adem\u00e1s de los tribunales de primera instancia federales y la Corte de Comercio Internacional de Estados Unidos. Anteriormente, trabaj\u00f3 como abogado de SESAC, Inc., concediendo licencias de m\u00fasica y llevando a cabo la organizaci\u00f3n de los derechos.<\/p>\n<p>Jeffrey es una figura prominente que ha dado varias conferencias en instituciones incluyendo la American Guild of Authors and Composers, The Songwriters Guild, The Center for Media Arts, Fordham University, Pace University, Detroit School of Law, the American Federation of Musicians, The Media Law Project Seminar of New York Law School, the Mid-America Music Conference, The College Music Journal annual conference, Philadelphia Music Conference, Black Radio Exclusive Conference y otras. Algunas de sus conferencias est\u00e1n disponibles en cinta de video y casete, incluyendo una conferencia titulada \u00abDerechos de autor en las artes esc\u00e9nicas\u00bb, publicado en la revista de casete de audio \u00abEl audio del abogado\u00bb y distribuido por el American Law Institute and Touro Law Center en Central Islip, Long Island.<\/p>\n<p>Adem\u00e1s de su impresionante lista de logros, Jeffrey es miembro de la prestigiosa Comisi\u00f3n de Derecho del Entretenimiento de la Asociaci\u00f3n de Abogados de la Ciudad de Nueva York y ha sido miembro de su Comit\u00e9 de competencia de marcas registradas y profesor de CLE, adem\u00e1s de trabajar en el comit\u00e9 especial, N2K. Se ha desempe\u00f1ado en numerosas ocasiones como presidente del subcomit\u00e9 en la secci\u00f3n de la Ley de Propiedad Intelectual del American Bar Association, elaborando informes sobre temas tales como \u00absat\u00e9lites\u00bb, \u00abrenovaci\u00f3n de derechos de autor\u00bb y \u00bb Cumplimiento del derecho de autor para los autores\u00bb. Tambi\u00e9n estuvo en el Comit\u00e9 asesor de la New York Music Task Force, Inc., y ha trabajado como vicepresidente de la Unidad de Artes Esc\u00e9nicas de la B&#8217;nai Brith. Durante m\u00e1s de veinte a\u00f1os, ha sido miembro de la Sociedad de Derechos de Autor de los EE. UU., y ha formado parte del consejo editorial de la revista de la sociedad durante muchos a\u00f1os a partir de 1989. Jeffrey es administrador, miembro del Comit\u00e9 Ejecutivo, as\u00ed como copresidente del comit\u00e9 de su sitio en la red. Tambi\u00e9n fund\u00f3 el programa de Seminarios de Propiedad Intelectual urbana llevada a cabo por la Divisi\u00f3n de Abogados J\u00f3venes del American Bar Association. Es miembro de numerosos comit\u00e9s de abogados de diversi\u00f3n y es muy activo en el colegio de derechos de autor. Jeffrey es tambi\u00e9n un miembro del Hall de la Fama Rock &#038; Roll, la Academia Nacional de Grabaci\u00f3n de Artes y Ciencias, la Sociedad Audubon, as\u00ed como muchas otras organizaciones c\u00edvicas y de diversi\u00f3n. Jeffrey es profesor asociado adjunto en Five Towns College en Dix Hills, Nueva York, donde actualmente ense\u00f1a sobre los contratos del negocio de la m\u00fasica. Tambi\u00e9n ha instruido derechos de autor y publicidad musical.<\/p>\n<p>En su vida antes de ser abogado, Jeffrey gestion\u00f3 varios grupos musicales, trabaj\u00f3 como consultor para las compa\u00f1\u00edas discogr\u00e1ficas, fue presidente de una empresa de producci\u00f3n musical, vicepresidente de un grupo de publicidad, y presidente de dos empresas de edici\u00f3n musical. Aparece en \u00abWho\u2019s Who in America\u00bb, \u00abWho\u2019s Who in the World\u00bb, \u00abWho\u2019s Who in American Law\u00bb, \u00abWho\u2019s Who in Entertainment\u00bb, \u00abWho\u2019s Who of Emerging Leaders in America\u00bb, y \u00abWho\u2019s Who in the East\u00bb, y otras obras biogr\u00e1ficas, nacionales y extranjeros.<\/p>\n<p><\/p>","protected":false},"excerpt":{"rendered":"<p>JEFFREY E. JACOBSON naci\u00f3 en el Bronx y obtuvo su licenciatura en Filosof\u00eda de Fordham University con solo 19 a\u00f1os de edad. Trabaj\u00f3 en la universidad como Gerente de los teatros Criterion y Embassy en Broadway. Mientras asist\u00eda New Cork Law School, gan\u00f3 el Concurso Memorial Nathan Burkan de ASCAP con un art\u00edculo sobre el<\/p>\n","protected":false},"author":1,"featured_media":0,"parent":0,"menu_order":0,"comment_status":"closed","ping_status":"closed","template":"","meta":[],"_links":{"self":[{"href":"https:\/\/velcip.com\/es\/wp-json\/wp\/v2\/pages\/366"}],"collection":[{"href":"https:\/\/velcip.com\/es\/wp-json\/wp\/v2\/pages"}],"about":[{"href":"https:\/\/velcip.com\/es\/wp-json\/wp\/v2\/types\/page"}],"author":[{"embeddable":true,"href":"https:\/\/velcip.com\/es\/wp-json\/wp\/v2\/users\/1"}],"replies":[{"embeddable":true,"href":"https:\/\/velcip.com\/es\/wp-json\/wp\/v2\/comments?post=366"}],"version-history":[{"count":15,"href":"https:\/\/velcip.com\/es\/wp-json\/wp\/v2\/pages\/366\/revisions"}],"predecessor-version":[{"id":503,"href":"https:\/\/velcip.com\/es\/wp-json\/wp\/v2\/pages\/366\/revisions\/503"}],"wp:attachment":[{"href":"https:\/\/velcip.com\/es\/wp-json\/wp\/v2\/media?parent=366"}],"curies":[{"name":"wp","href":"https:\/\/api.w.org\/{rel}","templated":true}]}}