{"id":403,"date":"2016-04-05T18:44:53","date_gmt":"2016-04-05T22:44:53","guid":{"rendered":"https:\/\/velcip.com\/?page_id=403"},"modified":"2016-06-05T17:30:09","modified_gmt":"2016-06-05T21:30:09","slug":"areas-of-practice","status":"publish","type":"page","link":"https:\/\/velcip.com\/es\/areas-of-practice","title":{"rendered":"Derecho de Propiedad Intelectual"},"content":{"rendered":"<p><strong>Derecho de Propiedad Intelectual<\/strong><br \/>\nEl mercado global plantea desaf\u00edos y oportunidades \u00fanicas para todas las empresas independientemente de su tama\u00f1o. Velez &#038; Cipriano, PLLC ofrece una amplia gama de servicios para las empresas tanto nacionales como internacionales, sociedades y particulares en las \u00e1reas del derecho de empresa. Ofrecemos servicios legales para proteger los intereses del cliente, as\u00ed como lograr sus objetivos legales. Velez &#038; Cipriano, PLLC provee asistencia y asesor\u00eda jur\u00eddica en las siguientes \u00e1reas:<\/p>\n<p><strong>Derecho de Marcas<\/strong><br \/>\nGestionamos documentos nacionales, incluyendo federales y estatales, adem\u00e1s de registros de marcas internacionales y b\u00fasquedas de detecci\u00f3n de marcas. Tambi\u00e9n proporcionamos una amplia supervisi\u00f3n internacional de marcas, as\u00ed como la gesti\u00f3n de todas las cartas de accion de las oficinas U.S.P.T.O., litigios con T.T.A.B., aduanas y protecci\u00f3n fronteriza de EE. UU., infracci\u00f3n de marcas y litigios relativos a la competencia desleal. Tambi\u00e9n nos ocupamos de todas las renovaciones, cesiones y licencias de marcas.<\/p>\n<p><strong>Derecho de Diversiones, Artes y Deportes<\/strong><br \/>\nProporcionamos asesoramiento jur\u00eddico a artistas y atletas, incluidas las cuestiones de m\u00fasica, cine, televisi\u00f3n, teatro, literatura, materias atl\u00e9ticas y artes pl\u00e1sticas. Estamos a su disposici\u00f3n para su consulta y para revisar y negociar sobre acuerdos de gesti\u00f3n, publicaciones, grabaci\u00f3n, mercadeo y patrocinio. Aconsejamos a nuestros clientes sobre cintas digitales y SoundExchange adem\u00e1s de asistencia y colecci\u00f3n de publicaci\u00f3n de regal\u00edas. Nos ocupamos de la sincronizaci\u00f3n y la concesi\u00f3n de licencias m\u00fasicales, los contratos de gremios, los acuerdos ordinarios y extraordinarios, las ofertas de talento y los acuerdos de opci\u00f3n y adquisici\u00f3n para guiones y libros. Nos encargamos de toda la m\u00fasica indie y digital, los asuntos relativos a los derechos de privacidad, las ofertas de financiaci\u00f3n de estudios cinematogr\u00e1ficos independientes y principales.<\/p>\n<p><strong>Derecho de Autor<\/strong><br \/>\nAconsejamos los registros de derecho de Autor, nacionales e internacionales. Preparamos B\u00fasquedas de Derecho de Autor, Acuerdos de trabajo bajo contrato, Asignaciones y Licencias, Aplicaciones en l\u00ednea, Terminaci\u00f3n, Infracci\u00f3n y litigios.<\/p>\n<p><strong>Derecho de Internet<\/strong><br \/>\nNos ocupamos de varios aspectos del derecho de Internet, incluyendo resoluci\u00f3n de disputas de nombres de dominio, elaboraci\u00f3n de p\u00e1ginas web de condiciones de uso y pol\u00edticas de privacidad, revisi\u00f3n y negociaci\u00f3n de acuerdos de distribuci\u00f3n de contenido y licencias en l\u00ednea, as\u00ed como difamaci\u00f3n en l\u00ednea, publicidad y spam en l\u00ednea y quejas de la Asociaci\u00f3n Cinematogr\u00e1fica.<br \/>\nNuestros abogados experimentados ayudan a empresas nacionales e internacionales a establecer una presencia en el mercado americano y dise\u00f1ar estrategias y soluciones dise\u00f1adas espec\u00edficamente para las necesidades de cada cliente. Tambi\u00e9n hemos creado estrategias y soluciones para ayudar a las empresas estadounidenses a expandirse en los principales mercados internacionales, adem\u00e1s de tener una amplia experiencia en ayudar a las corporaciones internacionales a entrar y llevar a cabo negocios en este mercado. Nuestros abogados entienden que los objetivos de cada empresa son \u00fanicos, y creen en estrecha colaboraci\u00f3n con el fin de desarrollar estrategias y ofrecen informaci\u00f3n jur\u00eddica s\u00f3lida para ayudar a nuestros clientes a alcanzar sus objetivos de negocio. <\/p>\n<p>COMUN\u00cdQUESE CON NOSOTROS: \u2028Comun\u00edquese con Velez &#038; Cipriano, PLLC para una consulta para evaluar y desarrollar la debida estrategia para las necesidades de su empresa.<br \/>\n<\/p>","protected":false},"excerpt":{"rendered":"<p>Derecho de Propiedad Intelectual El mercado global plantea desaf\u00edos y oportunidades \u00fanicas para todas las empresas independientemente de su tama\u00f1o. Velez &#038; Cipriano, PLLC ofrece una amplia gama de servicios para las empresas tanto nacionales como internacionales, sociedades y particulares en las \u00e1reas del derecho de empresa. Ofrecemos servicios legales para proteger los intereses del<\/p>\n","protected":false},"author":1,"featured_media":0,"parent":0,"menu_order":0,"comment_status":"closed","ping_status":"closed","template":"","meta":[],"_links":{"self":[{"href":"https:\/\/velcip.com\/es\/wp-json\/wp\/v2\/pages\/403"}],"collection":[{"href":"https:\/\/velcip.com\/es\/wp-json\/wp\/v2\/pages"}],"about":[{"href":"https:\/\/velcip.com\/es\/wp-json\/wp\/v2\/types\/page"}],"author":[{"embeddable":true,"href":"https:\/\/velcip.com\/es\/wp-json\/wp\/v2\/users\/1"}],"replies":[{"embeddable":true,"href":"https:\/\/velcip.com\/es\/wp-json\/wp\/v2\/comments?post=403"}],"version-history":[{"count":12,"href":"https:\/\/velcip.com\/es\/wp-json\/wp\/v2\/pages\/403\/revisions"}],"predecessor-version":[{"id":484,"href":"https:\/\/velcip.com\/es\/wp-json\/wp\/v2\/pages\/403\/revisions\/484"}],"wp:attachment":[{"href":"https:\/\/velcip.com\/es\/wp-json\/wp\/v2\/media?parent=403"}],"curies":[{"name":"wp","href":"https:\/\/api.w.org\/{rel}","templated":true}]}}