{"id":505,"date":"2018-09-09T11:05:30","date_gmt":"2018-09-09T15:05:30","guid":{"rendered":"https:\/\/velcip.com\/?page_id=505"},"modified":"2018-09-09T11:06:24","modified_gmt":"2018-09-09T15:06:24","slug":"michael-j-semack","status":"publish","type":"page","link":"https:\/\/velcip.com\/es\/michael-j-semack","title":{"rendered":"Michael J. Semack"},"content":{"rendered":"<p><span style=\"font-weight: 400;\">Michael J. Semack es un profesional legal experto con m\u00e1s de dos d\u00e9cadas de experiencia en derecho corporativo y de valores, pr\u00e9stamos comerciales, finanzas de construcci\u00f3n, licencias, fusiones y adquisiciones, litigios comerciales y pr\u00e1cticas de apelaci\u00f3n. En particular, su experiencia incluye la representaci\u00f3n de compradores y vendedores (p\u00fablicos y privados, as\u00ed como internacionales y nacionales) en adquisiciones y desinversiones a trav\u00e9s de fusiones (incluso a trav\u00e9s de ofertas p\u00fablicas), reorganizaciones y ventas de acciones y activos; representando a los emisores en colocaciones privadas, ofertas p\u00fablicas y asuntos de cumplimiento continuo de la SEC. <\/span><\/p>\n<p><span style=\"font-weight: 400;\">Recientemente, el Sr. Semack fue asesor general de Lirio LLC, una compa\u00f1\u00eda de tecnolog\u00eda de comunicaci\u00f3n enfocada en el cuidado de la salud que utiliza la ciencia del comportamiento para segmentar y comunicarse con cada audiencia aplicable a un nivel personalizado. \u00a0\u00a0<\/span><\/p>\n<p><span style=\"font-weight: 400;\">Anteriormente, el Sr. Semack fue el Asesor Jur\u00eddico y Director de Cumplimiento de BPV Capital Management LLC, asesor de inversiones registrado de SEC que administraba una familia de fondos y cuentas con m\u00e1s de $2B de activos bajo administraci\u00f3n. \u00a0\u00a0\u00a0<\/span><\/p>\n<p><span style=\"font-weight: 400;\">El Sr. Semack lleg\u00f3 a BPV desde la firma de Wall Street de Solomon Blum Heymann LLP, donde se especializ\u00f3 en la pr\u00e1ctica de transacciones corporativas y de valores, con \u00e9nfasis en finanzas corporativas nacionales e internacionales. <\/span><\/p>\n<p><span style=\"font-weight: 400;\">Como parte de su pr\u00e1ctica internacional, el Sr. Semack represent\u00f3 a clientes de varios pa\u00edses de Europa, Asia, el Caribe y Am\u00e9rica del Sur. \u00a0En consonancia con esta experiencia, fue autor del cap\u00edtulo de la Ley de Valores de los EE. UU. para el tratado de la Ley de Valores Internacionales publicado por BNA International, particip\u00f3 en eventos patrocinados por el Centro de Estudios Legales Internacionales en Salzburgo, Austria y tambi\u00e9n particip\u00f3 como delegado representante en la Comisi\u00f3n de las Naciones Unidas para el Derecho Mercantil Internacional (CNUDMI) que se ocupa de cuestiones que afectan el comercio internacional y las empresas. <\/span><\/p>\n<p><span style=\"font-weight: 400;\">Otros cargos previos incluyen su participaci\u00f3n como miembro asesor del Comit\u00e9 Mayor de Donaciones para la Oficina de Desarrollo de la Universidad de Michigan y como \u00c1rbitro de la Asociaci\u00f3n Nacional de Futuros. <\/span><\/p>\n<p><span style=\"font-weight: 400;\">El Sr. Semack est\u00e1 autorizado para ejercer en los Estados de Nueva York, Nueva Jersey, Michigan y Tennessee. Tambi\u00e9n es admitido ante el Tribunal Supremo de los Estados Unidos, los Tribunales de Distrito de los Estados Unidos para los Distritos Este y Sur de Nueva York y el Distrito de Nueva Jersey. Adem\u00e1s, es miembro de la American Bar Association, la New York State Bar Association, la New Jersey State Bar Association, la State Bar of Michigan, la Tennessee Bar Association, la Knoxville Bar Association y la New York County Lawyers Association. <\/span><\/p>\n<p><span style=\"font-weight: 400;\">Michael asisti\u00f3 a la Universidad de Michigan en Ann Arbor, Michigan, donde jug\u00f3 hockey sobre hielo en el equipo universitario y se gradu\u00f3 con un t\u00edtulo de Licenciatura en Humanidades. \u00a0Michael obtuvo su t\u00edtulo Juris Doctor en Brooklyn Law School en Brooklyn, Nueva York.<\/span><\/p>","protected":false},"excerpt":{"rendered":"<p>Michael J. Semack es un profesional legal experto con m\u00e1s de dos d\u00e9cadas de experiencia en derecho corporativo y de valores, pr\u00e9stamos comerciales, finanzas de construcci\u00f3n, licencias, fusiones y adquisiciones, litigios comerciales y pr\u00e1cticas de apelaci\u00f3n. En particular, su experiencia incluye la representaci\u00f3n de compradores y vendedores (p\u00fablicos y privados, as\u00ed como internacionales y nacionales)<\/p>\n","protected":false},"author":1,"featured_media":0,"parent":0,"menu_order":0,"comment_status":"closed","ping_status":"closed","template":"","meta":[],"_links":{"self":[{"href":"https:\/\/velcip.com\/es\/wp-json\/wp\/v2\/pages\/505"}],"collection":[{"href":"https:\/\/velcip.com\/es\/wp-json\/wp\/v2\/pages"}],"about":[{"href":"https:\/\/velcip.com\/es\/wp-json\/wp\/v2\/types\/page"}],"author":[{"embeddable":true,"href":"https:\/\/velcip.com\/es\/wp-json\/wp\/v2\/users\/1"}],"replies":[{"embeddable":true,"href":"https:\/\/velcip.com\/es\/wp-json\/wp\/v2\/comments?post=505"}],"version-history":[{"count":2,"href":"https:\/\/velcip.com\/es\/wp-json\/wp\/v2\/pages\/505\/revisions"}],"predecessor-version":[{"id":507,"href":"https:\/\/velcip.com\/es\/wp-json\/wp\/v2\/pages\/505\/revisions\/507"}],"wp:attachment":[{"href":"https:\/\/velcip.com\/es\/wp-json\/wp\/v2\/media?parent=505"}],"curies":[{"name":"wp","href":"https:\/\/api.w.org\/{rel}","templated":true}]}}