{"id":522,"date":"2025-10-15T17:15:55","date_gmt":"2025-10-15T21:15:55","guid":{"rendered":"https:\/\/velcip.com\/?page_id=522"},"modified":"2025-10-19T22:56:53","modified_gmt":"2025-10-20T02:56:53","slug":"dj-artist-visa-faq","status":"publish","type":"page","link":"https:\/\/velcip.com\/es\/dj-artist-visa-faq","title":{"rendered":"For Artists: O-1, P-1B, O-2, P-1S Visas"},"content":{"rendered":"<p class=\"qtranxs-available-languages-message qtranxs-available-languages-message-es\">Disculpa, pero esta entrada est\u00e1 disponible s\u00f3lo en <a href=\"https:\/\/velcip.com\/en\/wp-json\/wp\/v2\/pages\/522\" class=\"qtranxs-available-language-link qtranxs-available-language-link-en\" title=\"English\">Ingl\u00e9s Estadounidense<\/a>.<\/p>","protected":false},"excerpt":{"rendered":"<p>Disculpa, pero esta entrada est\u00e1 disponible s\u00f3lo en Ingl\u00e9s Estadounidense.<\/p>\n","protected":false},"author":1,"featured_media":0,"parent":0,"menu_order":0,"comment_status":"closed","ping_status":"closed","template":"","meta":[],"_links":{"self":[{"href":"https:\/\/velcip.com\/es\/wp-json\/wp\/v2\/pages\/522"}],"collection":[{"href":"https:\/\/velcip.com\/es\/wp-json\/wp\/v2\/pages"}],"about":[{"href":"https:\/\/velcip.com\/es\/wp-json\/wp\/v2\/types\/page"}],"author":[{"embeddable":true,"href":"https:\/\/velcip.com\/es\/wp-json\/wp\/v2\/users\/1"}],"replies":[{"embeddable":true,"href":"https:\/\/velcip.com\/es\/wp-json\/wp\/v2\/comments?post=522"}],"version-history":[{"count":149,"href":"https:\/\/velcip.com\/es\/wp-json\/wp\/v2\/pages\/522\/revisions"}],"predecessor-version":[{"id":724,"href":"https:\/\/velcip.com\/es\/wp-json\/wp\/v2\/pages\/522\/revisions\/724"}],"wp:attachment":[{"href":"https:\/\/velcip.com\/es\/wp-json\/wp\/v2\/media?parent=522"}],"curies":[{"name":"wp","href":"https:\/\/api.w.org\/{rel}","templated":true}]}}