{"id":64,"date":"2012-08-08T10:39:34","date_gmt":"2012-08-08T14:39:34","guid":{"rendered":"https:\/\/velcip.com\/?page_id=64"},"modified":"2016-06-22T18:38:57","modified_gmt":"2016-06-22T22:38:57","slug":"business-based-immigration","status":"publish","type":"page","link":"https:\/\/velcip.com\/es\/business-based-immigration","title":{"rendered":"INMIGRACION RELACIONADA A LOS NEGOCIOS"},"content":{"rendered":"<p><\/p>\n<h3><strong>INMIGRACION RELACIONADA A LOS NEGOCIOS<\/strong><\/h3>\n<p>La fuerza laboral del extranjero es una parte fundamental de la econom\u00eda de los EE.UU. Existen varias formas en las que las compa\u00f1\u00edas y los negocios pueden reclamar el servicio temporal de ciudadanos extranjeros y Velez &amp; Cipriano, PLLC est\u00e1 listo y capacitado para preparar sus solicitudes y asesorarle en cuanto a las posibilidades y el cumplimiento se refiere.<\/p>\n<div id=\"our\">\n<p>Nuestro bufete asesora y prepara solicitudes para clientes para las siguientes categor\u00edas de visas a relacionadas a los negocios:<\/p>\n<\/div>\n<h4><strong> VISAS PARA PERSONAS QUE NO SON INMIGRANTES<\/strong><\/h4>\n<ul>\n<li>La Visa E-1 (Tratado de intercambio)<\/li>\n<li>La Visa H-1B para trabajadores por temporada (ocupaci\u00f3n especializada)<\/li>\n<li>La Visa L-1 para transferir personas dentro de la misma compa\u00f1\u00eda<\/li>\n<li>La Visa O-1 para personas con habilidades excepcionales o logros excepcionales<\/li>\n<li>La Visa P-1 para personas del campo atl\u00e9tico o del entretenimiento<\/li>\n<li>La Visa R-1 para trabajadores religiosos<\/li>\n<li>La Visa TN para trabajadores mexicanos y canadienses (Tratado de Libre Comercio de Norteam\u00e9rica, NAFTA por su siglas en ingl\u00e9s)<\/li>\n<\/ul>\n<h4><strong>VISAS PARA INMIGRANTES (Se basan en el empleo o clasificadas EB, por sus siglas en ingl\u00e9s)<\/strong><\/h4>\n<ul>\n<li>Primera preferencia de empleo (EB-1): Trabajadores de prioridad<\/li>\n<li>Segunda preferencia de empleo (EB-2): Profesionales con t\u00edtulos de maestr\u00eda o doctorado y personas con habilidades excepcionales<\/li>\n<li>Tercera preferencia de empleo (EB-3): Trabajadores especializados, profesionales y trabajadores poco calificados (Dem\u00e1s trabajadores)<\/li>\n<li>Cuarta preferencia de empleo (EB-4): Algunos inmigrantes especiales<\/li>\n<li>Cuarta preferencia de empleo (EB-5): Inversionista inmigrante (para m\u00e1s detalles, vea la secci\u00f3n Para inversionistas)<\/li>\n<\/ul>\n<div id=\"contactus\">\n<h3><strong>COMUNIQUESE CON NOSOTROS<\/strong><\/h3>\n<p>Comun\u00edquese con Velez &amp; Cipriano, PLLC para una consulta para determinar la debida estrategia para su compa\u00f1\u00eda. Hemos procesado los tr\u00e1mites de numerosos trabajadores inmigrantes tambi\u00e9n como de trabajadores que no son inmigrantes en nombre de un diverso grupo de clientes en el \u00e1mbito del comercio.<\/p>\n<\/div>\n<p><\/p>","protected":false},"excerpt":{"rendered":"<p>INMIGRACION RELACIONADA A LOS NEGOCIOS La fuerza laboral del extranjero es una parte fundamental de la econom\u00eda de los EE.UU. Existen varias formas en las que las compa\u00f1\u00edas y los negocios pueden reclamar el servicio temporal de ciudadanos extranjeros y Velez &amp; Cipriano, PLLC est\u00e1 listo y capacitado para preparar sus solicitudes y asesorarle en<\/p>\n","protected":false},"author":1,"featured_media":98,"parent":0,"menu_order":0,"comment_status":"open","ping_status":"closed","template":"page-about.php","meta":[],"_links":{"self":[{"href":"https:\/\/velcip.com\/es\/wp-json\/wp\/v2\/pages\/64"}],"collection":[{"href":"https:\/\/velcip.com\/es\/wp-json\/wp\/v2\/pages"}],"about":[{"href":"https:\/\/velcip.com\/es\/wp-json\/wp\/v2\/types\/page"}],"author":[{"embeddable":true,"href":"https:\/\/velcip.com\/es\/wp-json\/wp\/v2\/users\/1"}],"replies":[{"embeddable":true,"href":"https:\/\/velcip.com\/es\/wp-json\/wp\/v2\/comments?post=64"}],"version-history":[{"count":58,"href":"https:\/\/velcip.com\/es\/wp-json\/wp\/v2\/pages\/64\/revisions"}],"predecessor-version":[{"id":521,"href":"https:\/\/velcip.com\/es\/wp-json\/wp\/v2\/pages\/64\/revisions\/521"}],"wp:featuredmedia":[{"embeddable":true,"href":"https:\/\/velcip.com\/es\/wp-json\/wp\/v2\/media\/98"}],"wp:attachment":[{"href":"https:\/\/velcip.com\/es\/wp-json\/wp\/v2\/media?parent=64"}],"curies":[{"name":"wp","href":"https:\/\/api.w.org\/{rel}","templated":true}]}}