{"id":67,"date":"2012-08-08T10:40:46","date_gmt":"2012-08-08T14:40:46","guid":{"rendered":"https:\/\/velcip.com\/?page_id=67"},"modified":"2016-06-22T18:40:00","modified_gmt":"2016-06-22T22:40:00","slug":"refugees","status":"publish","type":"page","link":"https:\/\/velcip.com\/es\/refugees","title":{"rendered":"REFUGIADOS"},"content":{"rendered":"<p><\/p>\n<div id=\"right\">\n<h3><strong>REFUGIADOS<\/strong><\/h3>\n<p>Un refugiado es \u201cToda persona que estuviese fuera de su pa\u00eds de nacionalidad o, en el caso de una persona que no tenga nacionalidad, que estuviese fuera del \u00faltimo pa\u00eds donde esa persona ha vivido habitualmente, y que no pueda o no est\u00e9 dispuesta a regresar, y que no pueda o no est\u00e9 dispuesta a beneficiarse de la protecci\u00f3n de ese pa\u00eds, ya sea por persecuci\u00f3n o por miedo bien fundado de persecuci\u00f3n debido a su raza, religi\u00f3n, nacionalidad, membrec\u00eda a un grupo social en particular, u opini\u00f3n pol\u00edtica.\u201d 1<\/p>\n<div id=\"our\">\n<p>Asesoramos a nuestros clientes y preparamos peticiones para las siguientes categor\u00edas de Refugiados:<\/p>\n<\/div>\n<ul>\n<li style=\"margin-left: 10px; margin-top: 15px; list-style: disc; font-size: 11px;\"><strong>Asilo<\/strong><\/li>\n<li style=\"margin-left: 10px; list-style: disc; font-size: 11px;\"><strong>Retenci\u00f3n de expulsi\u00f3n<\/strong><\/li>\n<li style=\"margin-left: 10px; list-style: disc; font-size: 11px;\"><strong>Estatus de protecci\u00f3n temporal (TPS por sus siglas en ingl\u00e9s)<\/strong><\/li>\n<li style=\"margin-left: 10px; list-style: disc; font-size: 11px;\"><strong>Ley en contra de la violencia hacia la mujer (VAWA por sus siglas en ingl\u00e9s)<\/strong><\/li>\n<li style=\"margin-left: 10px; margin-bottom: 20px; list-style: disc; font-size: 11px;\"><strong>Visas U (para las v\u00edctimas de ciertos cr\u00edmenes)<\/strong><\/li>\n<\/ul>\n<div id=\"contactus\">\n<h3><strong>COMUNIQUESE CON NOSOTROS<\/strong><\/h3>\n<p>Comun\u00edquese con el bufete de Velez &amp; Cipriano, PLLC para una consulta sobre su caso. Nuestro bufete cuenta con una amplia experiencia en la representaci\u00f3n de individuos que caben dentro de la categor\u00eda de refugiados para que puedan permanecer en los EE.UU. y obtener la ciudadan\u00eda.<\/p>\n<\/div>\n<div id=\"low\">\n<p>1 \u2013 INA \u00a7101(a)(42)(A); 8 USC \u00a71101 (a)(42)(A)<\/p>\n<\/div>\n<\/div>\n<p><\/p>","protected":false},"excerpt":{"rendered":"<p>REFUGIADOS Un refugiado es \u201cToda persona que estuviese fuera de su pa\u00eds de nacionalidad o, en el caso de una persona que no tenga nacionalidad, que estuviese fuera del \u00faltimo pa\u00eds donde esa persona ha vivido habitualmente, y que no pueda o no est\u00e9 dispuesta a regresar, y que no pueda o no est\u00e9 dispuesta<\/p>\n","protected":false},"author":1,"featured_media":101,"parent":0,"menu_order":0,"comment_status":"open","ping_status":"closed","template":"page-about.php","meta":[],"_links":{"self":[{"href":"https:\/\/velcip.com\/es\/wp-json\/wp\/v2\/pages\/67"}],"collection":[{"href":"https:\/\/velcip.com\/es\/wp-json\/wp\/v2\/pages"}],"about":[{"href":"https:\/\/velcip.com\/es\/wp-json\/wp\/v2\/types\/page"}],"author":[{"embeddable":true,"href":"https:\/\/velcip.com\/es\/wp-json\/wp\/v2\/users\/1"}],"replies":[{"embeddable":true,"href":"https:\/\/velcip.com\/es\/wp-json\/wp\/v2\/comments?post=67"}],"version-history":[{"count":14,"href":"https:\/\/velcip.com\/es\/wp-json\/wp\/v2\/pages\/67\/revisions"}],"predecessor-version":[{"id":490,"href":"https:\/\/velcip.com\/es\/wp-json\/wp\/v2\/pages\/67\/revisions\/490"}],"wp:featuredmedia":[{"embeddable":true,"href":"https:\/\/velcip.com\/es\/wp-json\/wp\/v2\/media\/101"}],"wp:attachment":[{"href":"https:\/\/velcip.com\/es\/wp-json\/wp\/v2\/media?parent=67"}],"curies":[{"name":"wp","href":"https:\/\/api.w.org\/{rel}","templated":true}]}}